{"id":1158,"date":"2021-09-14T15:13:45","date_gmt":"2021-09-14T13:13:45","guid":{"rendered":"https:\/\/www.france-media.net\/france-edition-2021\/?page_id=1158"},"modified":"2025-01-31T10:53:27","modified_gmt":"2025-01-31T09:53:27","slug":"site-internet","status":"publish","type":"page","link":"https:\/\/www.france-media.net\/france-edition-multimedia\/site-internet\/","title":{"rendered":"Site Internet"},"content":{"rendered":"<div data-colibri-id=\"1158-c1\" class=\"style-470 style-local-1158-c1 position-relative\">\n  <!---->\n  <div data-colibri-component=\"section\" data-colibri-id=\"1158-c2\" id=\"about\" class=\"h-section h-section-global-spacing d-flex align-items-lg-center align-items-md-center align-items-center style-875 style-local-1158-c2 position-relative\">\n    <!---->\n    <!---->\n    <div class=\"h-section-grid-container h-section-boxed-container\">\n      <!---->\n      <div data-colibri-id=\"1158-c3\" class=\"h-row-container gutters-row-lg-0 gutters-row-md-0 gutters-row-0 gutters-row-v-lg-0 gutters-row-v-md-0 gutters-row-v-0 style-876 style-local-1158-c3 position-relative\">\n        <!---->\n        <div class=\"h-row justify-content-lg-center justify-content-md-center justify-content-center align-items-lg-stretch align-items-md-stretch align-items-stretch gutters-col-lg-0 gutters-col-md-0 gutters-col-0 gutters-col-v-lg-0 gutters-col-v-md-0 gutters-col-v-0\">\n          <!---->\n          <div class=\"h-column h-column-container d-flex h-col-lg-auto h-col-md-auto h-col-auto style-877-outer style-local-1158-c4-outer\">\n            <div data-colibri-id=\"1158-c4\" class=\"d-flex h-flex-basis h-column__inner h-px-lg-0 h-px-md-0 h-px-0 v-inner-lg-0 v-inner-md-0 v-inner-0 style-877 style-local-1158-c4 position-relative\">\n              <!---->\n              <!---->\n              <div class=\"w-100 h-y-container h-column__content h-column__v-align flex-basis-100 align-self-lg-start align-self-md-start align-self-start\">\n                <!---->\n                <div data-colibri-id=\"1158-c5\" class=\"h-global-transition-all h-heading style-1106 style-local-1158-c5 position-relative h-element\">\n                  <!---->\n                  <div class=\"h-heading__outer style-1106 style-local-1158-c5\">\n                    <!---->\n                    <!---->\n                    <h2 class=\"\">Site Internet<em style=\"font-family: &quot;Playfair Display&quot;;\"><br>personnalis\u00e9<\/em><\/h2>\n                  <\/div>\n                <\/div>\n                <div data-colibri-id=\"1158-c6\" class=\"h-global-transition-all h-heading style-882 style-local-1158-c6 position-relative h-element\">\n                  <!---->\n                  <div class=\"h-heading__outer style-882 style-local-1158-c6\">\n                    <!---->\n                    <!---->\n                    <h6 class=\"\">Nous d\u00e9veloppons gratuitement apr\u00e8s \u00e9tude le site internet f\u00e9d\u00e9rateur de votre secteur.<\/h6>\n                  <\/div>\n                <\/div>\n                <div data-colibri-id=\"1158-c7\" class=\"h-text h-text-component style-880 style-local-1158-c7 position-relative h-element\">\n                  <!---->\n                  <!---->\n                  <div class=\"\">\n                    <p><span style=\"color: rgb(102, 102, 102); font-family: Montserrat; font-size: 16px; font-weight: 400;\">Chaque acteur disposera d&rsquo;une fiche&nbsp;d\u2019information, comprenant ses coordonn\u00e9es, sa pr\u00e9sentation, ses informations compl\u00e9mentaires (horaires, domaines d\u2019interventions, etc.) photos et vid\u00e9os ainsi que toute information pr\u00e9sentant un int\u00e9r\u00eat pour les visiteurs.<\/span><\/p>\n                  <\/div>\n                <\/div>\n                <div data-colibri-id=\"1158-c8\" class=\"h-x-container style-1322 style-local-1158-c8 position-relative h-element\">\n                  <!---->\n                  <div class=\"h-x-container-inner style-dynamic-1158-c8-group style-1322-spacing style-local-1158-c8-spacing\"><span class=\"h-button__outer style-1323-outer style-local-1158-c9-outer d-inline-flex h-element\"><a h-use-smooth-scroll=\"true\" href=\"https:\/\/www.france-media.net\/france-edition-multimedia\/financement-regie-publicitaire\/\"  data-colibri-id=\"1158-c9\" class=\"d-flex w-100 align-items-center h-button justify-content-lg-center justify-content-md-center justify-content-center style-1323 style-local-1158-c9 position-relative\"><!----><!----> <span>FINANCEMENT PAR LA PUBLICIT\u00c9<\/span><\/a>\n                    <\/span>\n                  <\/div>\n                <\/div>\n                <div data-colibri-id=\"1158-c10\" class=\"h-x-container style-1645 style-local-1158-c10 position-relative h-element\">\n                  <!---->\n                  <div class=\"h-x-container-inner style-dynamic-1158-c10-group style-1645-spacing style-local-1158-c10-spacing\"><span class=\"h-button__outer style-1646-outer style-local-1158-c11-outer d-inline-flex h-element\"><a h-use-smooth-scroll=\"true\" href=\"https:\/\/www.fournisseursdesmusees.com\" target=\"_blank\"  data-colibri-id=\"1158-c11\" class=\"d-flex w-100 align-items-center h-button justify-content-lg-center justify-content-md-center justify-content-center style-1646 style-local-1158-c11 position-relative\"><!----><!----> <span>Exemple : fournisseursdesmus\u00e9es.com<\/span><\/a>\n                    <\/span>\n                  <\/div>\n                <\/div>\n              <\/div>\n            <\/div>\n          <\/div>\n          <div class=\"h-column h-column-container d-flex h-col-lg-auto h-col-md-auto h-col-auto style-881-outer style-local-1158-c12-outer\">\n            <div data-colibri-id=\"1158-c12\" class=\"d-flex h-flex-basis h-column__inner h-px-lg-2 h-px-md-2 h-px-2 v-inner-lg-2 v-inner-md-2 v-inner-2 style-881 style-local-1158-c12 position-relative\">\n              <!---->\n              <!---->\n              <div class=\"w-100 h-y-container h-column__content h-column__v-align flex-basis-100 align-self-lg-start align-self-md-start align-self-start\">\n                <!---->\n                <div data-colibri-id=\"1158-c13\" class=\"d-block style-1644 style-local-1158-c13 position-relative h-element\">\n                  <!---->\n                  <div class=\"h-image__frame-container-outer\">\n                    <a href=\"https:\/\/www.fournisseursdesmusees.com\/v2\/\" target=\"_blank\" h-use-smooth-scroll=\"true\" class=\"image-link\">\n                      <div class=\"h-image__frame-container\">\n                        <!---->\n                        <!---->\n                        <img fetchpriority=\"high\" decoding=\"async\" width=\"1477\" height=\"1058\" src=\"https:\/\/www.france-media.net\/france-edition-multimedia\/wp-content\/uploads\/2021\/09\/exemple_site_web_ocim.png\" class=\"wp-image-1192 style-1644-image style-local-1158-c13-image\" alt=\"\" srcset=\"https:\/\/www.france-media.net\/france-edition-multimedia\/wp-content\/uploads\/2021\/09\/exemple_site_web_ocim.png 1477w, https:\/\/www.france-media.net\/france-edition-multimedia\/wp-content\/uploads\/2021\/09\/exemple_site_web_ocim-300x215.png 300w, https:\/\/www.france-media.net\/france-edition-multimedia\/wp-content\/uploads\/2021\/09\/exemple_site_web_ocim-1024x734.png 1024w, https:\/\/www.france-media.net\/france-edition-multimedia\/wp-content\/uploads\/2021\/09\/exemple_site_web_ocim-768x550.png 768w\" sizes=\"(max-width: 1477px) 100vw, 1477px\" \/>\n                        <div class=\"h-image__frame h-hide-lg h-hide-md h-hide-sm style-1644-frameImage style-local-1158-c13-frameImage\"><\/div>\n                      <\/div>\n                    <\/a>\n                  <\/div>\n                <\/div>\n              <\/div>\n            <\/div>\n          <\/div>\n        <\/div>\n      <\/div>\n    <\/div>\n  <\/div>\n<\/div>","protected":false},"excerpt":{"rendered":"<p>Site Internetpersonnalis\u00e9 Nous d\u00e9veloppons gratuitement apr\u00e8s \u00e9tude le site internet f\u00e9d\u00e9rateur de votre secteur. Chaque acteur disposera d&rsquo;une fiche&nbsp;d\u2019information, comprenant ses coordonn\u00e9es, sa pr\u00e9sentation, ses informations compl\u00e9mentaires (horaires, domaines d\u2019interventions, etc.) photos et vid\u00e9os ainsi que toute information pr\u00e9sentant un int\u00e9r\u00eat pour les visiteurs. FINANCEMENT PAR LA PUBLICIT\u00c9 Exemple : fournisseursdesmus\u00e9es.com<\/p>\n","protected":false},"author":1,"featured_media":1190,"parent":0,"menu_order":0,"comment_status":"closed","ping_status":"closed","template":"page-templates\/full-width-page.php","meta":{"footnotes":""},"categories":[14],"tags":[],"class_list":["post-1158","page","type-page","status-publish","has-post-thumbnail","hentry","category-offres"],"yoast_head":"<!-- This site is optimized with the Yoast SEO plugin v27.5 - https:\/\/yoast.com\/product\/yoast-seo-wordpress\/ -->\n<title>Site Internet - France \u00c9dition Multim\u00e9dia<\/title>\n<meta name=\"description\" content=\"D\u00e9couvrez comment notre expertise en cr\u00e9ation de sites internet peut donner vie \u00e0 votre site internet f\u00e9d\u00e9rateur de votre secteur.\" \/>\n<meta name=\"robots\" content=\"index, follow, max-snippet:-1, max-image-preview:large, max-video-preview:-1\" \/>\n<link rel=\"canonical\" href=\"https:\/\/www.france-media.net\/france-edition-multimedia\/site-internet\/\" \/>\n<meta property=\"og:locale\" content=\"fr_FR\" \/>\n<meta property=\"og:type\" content=\"article\" \/>\n<meta property=\"og:title\" content=\"Site Internet - France \u00c9dition Multim\u00e9dia\" \/>\n<meta property=\"og:description\" content=\"D\u00e9couvrez comment notre expertise en cr\u00e9ation de sites internet peut donner vie \u00e0 votre site internet f\u00e9d\u00e9rateur de votre secteur.\" \/>\n<meta property=\"og:url\" content=\"https:\/\/www.france-media.net\/france-edition-multimedia\/site-internet\/\" \/>\n<meta property=\"og:site_name\" content=\"France \u00c9dition Multim\u00e9dia\" \/>\n<meta property=\"article:publisher\" content=\"https:\/\/www.facebook.com\/francedit.multimedia\" \/>\n<meta property=\"article:modified_time\" content=\"2025-01-31T09:53:27+00:00\" \/>\n<meta property=\"og:image\" content=\"https:\/\/www.france-media.net\/france-edition-multimedia\/wp-content\/uploads\/2021\/09\/site_web_ok.jpg\" \/>\n\t<meta property=\"og:image:width\" content=\"1024\" \/>\n\t<meta property=\"og:image:height\" content=\"683\" \/>\n\t<meta property=\"og:image:type\" content=\"image\/jpeg\" \/>\n<meta name=\"twitter:card\" content=\"summary_large_image\" \/>\n<meta name=\"twitter:label1\" content=\"Dur\u00e9e de lecture estim\u00e9e\" \/>\n\t<meta name=\"twitter:data1\" content=\"1 minute\" \/>\n<script type=\"application\/ld+json\" class=\"yoast-schema-graph\">{\"@context\":\"https:\\\/\\\/schema.org\",\"@graph\":[{\"@type\":\"WebPage\",\"@id\":\"https:\\\/\\\/www.france-media.net\\\/france-edition-multimedia\\\/site-internet\\\/\",\"url\":\"https:\\\/\\\/www.france-media.net\\\/france-edition-multimedia\\\/site-internet\\\/\",\"name\":\"Site Internet - France \u00c9dition Multim\u00e9dia\",\"isPartOf\":{\"@id\":\"https:\\\/\\\/www.france-media.net\\\/france-edition-multimedia\\\/#website\"},\"primaryImageOfPage\":{\"@id\":\"https:\\\/\\\/www.france-media.net\\\/france-edition-multimedia\\\/site-internet\\\/#primaryimage\"},\"image\":{\"@id\":\"https:\\\/\\\/www.france-media.net\\\/france-edition-multimedia\\\/site-internet\\\/#primaryimage\"},\"thumbnailUrl\":\"https:\\\/\\\/www.france-media.net\\\/france-edition-multimedia\\\/wp-content\\\/uploads\\\/2021\\\/09\\\/site_web_ok.jpg\",\"datePublished\":\"2021-09-14T13:13:45+00:00\",\"dateModified\":\"2025-01-31T09:53:27+00:00\",\"description\":\"D\u00e9couvrez comment notre expertise en cr\u00e9ation de sites internet peut donner vie \u00e0 votre site internet f\u00e9d\u00e9rateur de votre secteur.\",\"breadcrumb\":{\"@id\":\"https:\\\/\\\/www.france-media.net\\\/france-edition-multimedia\\\/site-internet\\\/#breadcrumb\"},\"inLanguage\":\"fr-FR\",\"potentialAction\":[{\"@type\":\"ReadAction\",\"target\":[\"https:\\\/\\\/www.france-media.net\\\/france-edition-multimedia\\\/site-internet\\\/\"]}]},{\"@type\":\"ImageObject\",\"inLanguage\":\"fr-FR\",\"@id\":\"https:\\\/\\\/www.france-media.net\\\/france-edition-multimedia\\\/site-internet\\\/#primaryimage\",\"url\":\"https:\\\/\\\/www.france-media.net\\\/france-edition-multimedia\\\/wp-content\\\/uploads\\\/2021\\\/09\\\/site_web_ok.jpg\",\"contentUrl\":\"https:\\\/\\\/www.france-media.net\\\/france-edition-multimedia\\\/wp-content\\\/uploads\\\/2021\\\/09\\\/site_web_ok.jpg\",\"width\":1024,\"height\":683},{\"@type\":\"BreadcrumbList\",\"@id\":\"https:\\\/\\\/www.france-media.net\\\/france-edition-multimedia\\\/site-internet\\\/#breadcrumb\",\"itemListElement\":[{\"@type\":\"ListItem\",\"position\":1,\"name\":\"Accueil\",\"item\":\"https:\\\/\\\/www.france-media.net\\\/france-edition-multimedia\\\/\"},{\"@type\":\"ListItem\",\"position\":2,\"name\":\"Site Internet\"}]},{\"@type\":\"WebSite\",\"@id\":\"https:\\\/\\\/www.france-media.net\\\/france-edition-multimedia\\\/#website\",\"url\":\"https:\\\/\\\/www.france-media.net\\\/france-edition-multimedia\\\/\",\"name\":\"France \u00c9dition Multim\u00e9dia\",\"description\":\"France Edition Multim\u00e9dia &amp; Azur Communications\",\"publisher\":{\"@id\":\"https:\\\/\\\/www.france-media.net\\\/france-edition-multimedia\\\/#organization\"},\"potentialAction\":[{\"@type\":\"SearchAction\",\"target\":{\"@type\":\"EntryPoint\",\"urlTemplate\":\"https:\\\/\\\/www.france-media.net\\\/france-edition-multimedia\\\/?s={search_term_string}\"},\"query-input\":{\"@type\":\"PropertyValueSpecification\",\"valueRequired\":true,\"valueName\":\"search_term_string\"}}],\"inLanguage\":\"fr-FR\"},{\"@type\":\"Organization\",\"@id\":\"https:\\\/\\\/www.france-media.net\\\/france-edition-multimedia\\\/#organization\",\"name\":\"France \u00c9dition Multim\u00e9dia\",\"url\":\"https:\\\/\\\/www.france-media.net\\\/france-edition-multimedia\\\/\",\"logo\":{\"@type\":\"ImageObject\",\"inLanguage\":\"fr-FR\",\"@id\":\"https:\\\/\\\/www.france-media.net\\\/france-edition-multimedia\\\/#\\\/schema\\\/logo\\\/image\\\/\",\"url\":\"https:\\\/\\\/www.france-media.net\\\/france-edition-multimedia\\\/wp-content\\\/uploads\\\/2023\\\/09\\\/fem-logo-carre.jpg\",\"contentUrl\":\"https:\\\/\\\/www.france-media.net\\\/france-edition-multimedia\\\/wp-content\\\/uploads\\\/2023\\\/09\\\/fem-logo-carre.jpg\",\"width\":200,\"height\":200,\"caption\":\"France \u00c9dition Multim\u00e9dia\"},\"image\":{\"@id\":\"https:\\\/\\\/www.france-media.net\\\/france-edition-multimedia\\\/#\\\/schema\\\/logo\\\/image\\\/\"},\"sameAs\":[\"https:\\\/\\\/www.facebook.com\\\/francedit.multimedia\",\"https:\\\/\\\/www.linkedin.com\\\/company\\\/france-edition-multimdia\\\/\"]}]}<\/script>\n<!-- \/ Yoast SEO plugin. -->","yoast_head_json":{"title":"Site Internet - France \u00c9dition Multim\u00e9dia","description":"D\u00e9couvrez comment notre expertise en cr\u00e9ation de sites internet peut donner vie \u00e0 votre site internet f\u00e9d\u00e9rateur de votre secteur.","robots":{"index":"index","follow":"follow","max-snippet":"max-snippet:-1","max-image-preview":"max-image-preview:large","max-video-preview":"max-video-preview:-1"},"canonical":"https:\/\/www.france-media.net\/france-edition-multimedia\/site-internet\/","og_locale":"fr_FR","og_type":"article","og_title":"Site Internet - France \u00c9dition Multim\u00e9dia","og_description":"D\u00e9couvrez comment notre expertise en cr\u00e9ation de sites internet peut donner vie \u00e0 votre site internet f\u00e9d\u00e9rateur de votre secteur.","og_url":"https:\/\/www.france-media.net\/france-edition-multimedia\/site-internet\/","og_site_name":"France \u00c9dition Multim\u00e9dia","article_publisher":"https:\/\/www.facebook.com\/francedit.multimedia","article_modified_time":"2025-01-31T09:53:27+00:00","og_image":[{"width":1024,"height":683,"url":"https:\/\/www.france-media.net\/france-edition-multimedia\/wp-content\/uploads\/2021\/09\/site_web_ok.jpg","type":"image\/jpeg"}],"twitter_card":"summary_large_image","twitter_misc":{"Dur\u00e9e de lecture estim\u00e9e":"1 minute"},"schema":{"@context":"https:\/\/schema.org","@graph":[{"@type":"WebPage","@id":"https:\/\/www.france-media.net\/france-edition-multimedia\/site-internet\/","url":"https:\/\/www.france-media.net\/france-edition-multimedia\/site-internet\/","name":"Site Internet - France \u00c9dition Multim\u00e9dia","isPartOf":{"@id":"https:\/\/www.france-media.net\/france-edition-multimedia\/#website"},"primaryImageOfPage":{"@id":"https:\/\/www.france-media.net\/france-edition-multimedia\/site-internet\/#primaryimage"},"image":{"@id":"https:\/\/www.france-media.net\/france-edition-multimedia\/site-internet\/#primaryimage"},"thumbnailUrl":"https:\/\/www.france-media.net\/france-edition-multimedia\/wp-content\/uploads\/2021\/09\/site_web_ok.jpg","datePublished":"2021-09-14T13:13:45+00:00","dateModified":"2025-01-31T09:53:27+00:00","description":"D\u00e9couvrez comment notre expertise en cr\u00e9ation de sites internet peut donner vie \u00e0 votre site internet f\u00e9d\u00e9rateur de votre secteur.","breadcrumb":{"@id":"https:\/\/www.france-media.net\/france-edition-multimedia\/site-internet\/#breadcrumb"},"inLanguage":"fr-FR","potentialAction":[{"@type":"ReadAction","target":["https:\/\/www.france-media.net\/france-edition-multimedia\/site-internet\/"]}]},{"@type":"ImageObject","inLanguage":"fr-FR","@id":"https:\/\/www.france-media.net\/france-edition-multimedia\/site-internet\/#primaryimage","url":"https:\/\/www.france-media.net\/france-edition-multimedia\/wp-content\/uploads\/2021\/09\/site_web_ok.jpg","contentUrl":"https:\/\/www.france-media.net\/france-edition-multimedia\/wp-content\/uploads\/2021\/09\/site_web_ok.jpg","width":1024,"height":683},{"@type":"BreadcrumbList","@id":"https:\/\/www.france-media.net\/france-edition-multimedia\/site-internet\/#breadcrumb","itemListElement":[{"@type":"ListItem","position":1,"name":"Accueil","item":"https:\/\/www.france-media.net\/france-edition-multimedia\/"},{"@type":"ListItem","position":2,"name":"Site Internet"}]},{"@type":"WebSite","@id":"https:\/\/www.france-media.net\/france-edition-multimedia\/#website","url":"https:\/\/www.france-media.net\/france-edition-multimedia\/","name":"France \u00c9dition Multim\u00e9dia","description":"France Edition Multim\u00e9dia &amp; Azur Communications","publisher":{"@id":"https:\/\/www.france-media.net\/france-edition-multimedia\/#organization"},"potentialAction":[{"@type":"SearchAction","target":{"@type":"EntryPoint","urlTemplate":"https:\/\/www.france-media.net\/france-edition-multimedia\/?s={search_term_string}"},"query-input":{"@type":"PropertyValueSpecification","valueRequired":true,"valueName":"search_term_string"}}],"inLanguage":"fr-FR"},{"@type":"Organization","@id":"https:\/\/www.france-media.net\/france-edition-multimedia\/#organization","name":"France \u00c9dition Multim\u00e9dia","url":"https:\/\/www.france-media.net\/france-edition-multimedia\/","logo":{"@type":"ImageObject","inLanguage":"fr-FR","@id":"https:\/\/www.france-media.net\/france-edition-multimedia\/#\/schema\/logo\/image\/","url":"https:\/\/www.france-media.net\/france-edition-multimedia\/wp-content\/uploads\/2023\/09\/fem-logo-carre.jpg","contentUrl":"https:\/\/www.france-media.net\/france-edition-multimedia\/wp-content\/uploads\/2023\/09\/fem-logo-carre.jpg","width":200,"height":200,"caption":"France \u00c9dition Multim\u00e9dia"},"image":{"@id":"https:\/\/www.france-media.net\/france-edition-multimedia\/#\/schema\/logo\/image\/"},"sameAs":["https:\/\/www.facebook.com\/francedit.multimedia","https:\/\/www.linkedin.com\/company\/france-edition-multimdia\/"]}]}},"_links":{"self":[{"href":"https:\/\/www.france-media.net\/france-edition-multimedia\/wp-json\/wp\/v2\/pages\/1158","targetHints":{"allow":["GET"]}}],"collection":[{"href":"https:\/\/www.france-media.net\/france-edition-multimedia\/wp-json\/wp\/v2\/pages"}],"about":[{"href":"https:\/\/www.france-media.net\/france-edition-multimedia\/wp-json\/wp\/v2\/types\/page"}],"author":[{"embeddable":true,"href":"https:\/\/www.france-media.net\/france-edition-multimedia\/wp-json\/wp\/v2\/users\/1"}],"replies":[{"embeddable":true,"href":"https:\/\/www.france-media.net\/france-edition-multimedia\/wp-json\/wp\/v2\/comments?post=1158"}],"version-history":[{"count":20,"href":"https:\/\/www.france-media.net\/france-edition-multimedia\/wp-json\/wp\/v2\/pages\/1158\/revisions"}],"predecessor-version":[{"id":5302,"href":"https:\/\/www.france-media.net\/france-edition-multimedia\/wp-json\/wp\/v2\/pages\/1158\/revisions\/5302"}],"wp:featuredmedia":[{"embeddable":true,"href":"https:\/\/www.france-media.net\/france-edition-multimedia\/wp-json\/wp\/v2\/media\/1190"}],"wp:attachment":[{"href":"https:\/\/www.france-media.net\/france-edition-multimedia\/wp-json\/wp\/v2\/media?parent=1158"}],"wp:term":[{"taxonomy":"category","embeddable":true,"href":"https:\/\/www.france-media.net\/france-edition-multimedia\/wp-json\/wp\/v2\/categories?post=1158"},{"taxonomy":"post_tag","embeddable":true,"href":"https:\/\/www.france-media.net\/france-edition-multimedia\/wp-json\/wp\/v2\/tags?post=1158"}],"curies":[{"name":"wp","href":"https:\/\/api.w.org\/{rel}","templated":true}]}}