{"id":1235,"date":"2021-09-14T16:02:55","date_gmt":"2021-09-14T14:02:55","guid":{"rendered":"https:\/\/www.france-media.net\/france-edition-2021\/?page_id=1235"},"modified":"2025-01-31T10:52:21","modified_gmt":"2025-01-31T09:52:21","slug":"newsletter","status":"publish","type":"page","link":"https:\/\/www.france-media.net\/france-edition-multimedia\/newsletter\/","title":{"rendered":"Newsletter"},"content":{"rendered":"<div data-colibri-id=\"1235-c1\" class=\"style-502 style-local-1235-c1 position-relative\">\n  <!---->\n  <div data-colibri-component=\"section\" data-colibri-id=\"1235-c2\" id=\"about\" class=\"h-section h-section-global-spacing d-flex align-items-lg-center align-items-md-center align-items-center style-1067 style-local-1235-c2 position-relative\">\n    <!---->\n    <!---->\n    <div class=\"h-section-grid-container h-section-boxed-container\">\n      <!---->\n      <div data-colibri-id=\"1235-c3\" class=\"h-row-container gutters-row-lg-0 gutters-row-md-0 gutters-row-0 gutters-row-v-lg-0 gutters-row-v-md-0 gutters-row-v-0 style-1068 style-local-1235-c3 position-relative\">\n        <!---->\n        <div class=\"h-row justify-content-lg-center justify-content-md-center justify-content-center align-items-lg-stretch align-items-md-stretch align-items-stretch gutters-col-lg-0 gutters-col-md-0 gutters-col-0 gutters-col-v-lg-0 gutters-col-v-md-0 gutters-col-v-0\">\n          <!---->\n          <div class=\"h-column h-column-container d-flex h-col-lg-auto h-col-md-auto h-col-auto style-1069-outer style-local-1235-c4-outer\">\n            <div data-colibri-id=\"1235-c4\" class=\"d-flex h-flex-basis h-column__inner h-px-lg-0 h-px-md-0 h-px-0 v-inner-lg-0 v-inner-md-0 v-inner-0 style-1069 style-local-1235-c4 position-relative\">\n              <!---->\n              <!---->\n              <div class=\"w-100 h-y-container h-column__content h-column__v-align flex-basis-100 align-self-lg-start align-self-md-start align-self-start\">\n                <!---->\n                <div data-colibri-id=\"1235-c5\" class=\"h-global-transition-all h-heading style-1071 style-local-1235-c5 position-relative h-element\">\n                  <!---->\n                  <div class=\"h-heading__outer style-1071 style-local-1235-c5\">\n                    <!---->\n                    <!---->\n                    <h2 class=\"\">Newsletter&nbsp;<em style=\"font-family: &quot;Playfair Display&quot;;\"><br>personnalis\u00e9e<\/em><\/h2>\n                  <\/div>\n                <\/div>\n                <div data-colibri-id=\"1235-c6\" class=\"h-text h-text-component style-1299 style-local-1235-c6 position-relative h-element\">\n                  <!---->\n                  <!---->\n                  <div class=\"\">\n                    <p>Nous pouvons mettre \u00e0 disposition gratuitement, apr\u00e8s \u00e9tude, un outil de gestion pour votre newsletter. <\/p>\n                  <\/div>\n                <\/div>\n                <div data-colibri-id=\"1235-c7\" class=\"h-text h-text-component style-1072 style-local-1235-c7 position-relative h-element\">\n                  <!---->\n                  <!---->\n                  <div class=\"\">\n                    <p>Une newsletter, ou lettre d\u2019information est un document d\u2019information envoy\u00e9 de mani\u00e8re p\u00e9riodique par courrier&nbsp;\u00e9lectronique&nbsp;\u00e0 une liste de diffusion.<\/p>\n                    <p>Suivant le contenu (nombre d\u2019articles et caract\u00e8res par articles), la newsletter peut \u00eatre associ\u00e9e \u00e0 un site web pour archive et consultation.<\/p>\n                    <p>Nous d\u00e9finissons avec vous la maquette graphique de votre projet. Vous nous transmettez vos articles, images, liens et liste de diffusion. Nous nous occupons du reste&nbsp;!<\/p>\n                  <\/div>\n                <\/div>\n                <div data-colibri-id=\"1235-c8\" class=\"h-x-container style-1324 style-local-1235-c8 position-relative h-element\">\n                  <!---->\n                  <div class=\"h-x-container-inner style-dynamic-1235-c8-group style-1324-spacing style-local-1235-c8-spacing\"><span class=\"h-button__outer style-1325-outer style-local-1235-c9-outer d-inline-flex h-element\"><a h-use-smooth-scroll=\"true\" href=\"https:\/\/www.france-media.net\/france-edition-multimedia\/financement-regie-publicitaire\/\"  data-colibri-id=\"1235-c9\" class=\"d-flex w-100 align-items-center h-button justify-content-lg-center justify-content-md-center justify-content-center style-1325 style-local-1235-c9 position-relative\"><!----><!----> <span>FINANCEMENT PAR LA PUBLICIT\u00c9<\/span><\/a>\n                    <\/span>\n                  <\/div>\n                <\/div>\n              <\/div>\n            <\/div>\n          <\/div>\n          <div class=\"h-column h-column-container d-flex h-col-lg-auto h-col-md-auto h-col-auto style-1073-outer style-local-1235-c10-outer\">\n            <div data-colibri-id=\"1235-c10\" class=\"d-flex h-flex-basis h-column__inner h-ui-empty-state-container h-px-lg-2 h-px-md-2 h-px-2 v-inner-lg-2 v-inner-md-2 v-inner-2 style-1073 style-local-1235-c10 position-relative\">\n              <!---->\n              <!---->\n              <div class=\"w-100 h-y-container h-column__content h-column__v-align flex-basis-100\">\n                <!---->\n              <\/div>\n            <\/div>\n          <\/div>\n        <\/div>\n      <\/div>\n    <\/div>\n  <\/div>\n<\/div>","protected":false},"excerpt":{"rendered":"<p>Newsletter&nbsp;personnalis\u00e9e Nous pouvons mettre \u00e0 disposition gratuitement, apr\u00e8s \u00e9tude, un outil de gestion pour votre newsletter. Une newsletter, ou lettre d\u2019information est un document d\u2019information envoy\u00e9 de mani\u00e8re p\u00e9riodique par courrier&nbsp;\u00e9lectronique&nbsp;\u00e0 une liste de diffusion. Suivant le contenu (nombre d\u2019articles et caract\u00e8res par articles), la newsletter peut \u00eatre associ\u00e9e \u00e0 un site web pour archive [&hellip;]<\/p>\n","protected":false},"author":1,"featured_media":3117,"parent":0,"menu_order":0,"comment_status":"closed","ping_status":"closed","template":"page-templates\/full-width-page.php","meta":{"footnotes":""},"categories":[14],"tags":[],"class_list":["post-1235","page","type-page","status-publish","has-post-thumbnail","hentry","category-offres"],"yoast_head":"<!-- This site is optimized with the Yoast SEO plugin v27.5 - https:\/\/yoast.com\/product\/yoast-seo-wordpress\/ -->\n<title>Newsletter - France \u00c9dition Multim\u00e9dia<\/title>\n<meta name=\"description\" content=\"Nous pouvons mettre \u00e0 disposition gratuitement, apr\u00e8s \u00e9tude, un outil de gestion pour votre newsletter.\" \/>\n<meta name=\"robots\" content=\"index, follow, max-snippet:-1, max-image-preview:large, max-video-preview:-1\" \/>\n<link rel=\"canonical\" href=\"https:\/\/www.france-media.net\/france-edition-multimedia\/newsletter\/\" \/>\n<meta property=\"og:locale\" content=\"fr_FR\" \/>\n<meta property=\"og:type\" content=\"article\" \/>\n<meta property=\"og:title\" content=\"Newsletter - France \u00c9dition Multim\u00e9dia\" \/>\n<meta property=\"og:description\" content=\"Nous pouvons mettre \u00e0 disposition gratuitement, apr\u00e8s \u00e9tude, un outil de gestion pour votre newsletter.\" \/>\n<meta property=\"og:url\" content=\"https:\/\/www.france-media.net\/france-edition-multimedia\/newsletter\/\" \/>\n<meta property=\"og:site_name\" content=\"France \u00c9dition Multim\u00e9dia\" \/>\n<meta property=\"article:publisher\" content=\"https:\/\/www.facebook.com\/francedit.multimedia\" \/>\n<meta property=\"article:modified_time\" content=\"2025-01-31T09:52:21+00:00\" \/>\n<meta property=\"og:image\" content=\"https:\/\/www.france-media.net\/france-edition-multimedia\/wp-content\/uploads\/2022\/12\/brett-jordan-LPZy4da9aRo-unsplash-scaled-e1671533634543.jpg\" \/>\n\t<meta property=\"og:image:width\" content=\"1900\" \/>\n\t<meta property=\"og:image:height\" content=\"1187\" \/>\n\t<meta property=\"og:image:type\" content=\"image\/jpeg\" \/>\n<meta name=\"twitter:card\" content=\"summary_large_image\" \/>\n<meta name=\"twitter:label1\" content=\"Dur\u00e9e de lecture estim\u00e9e\" \/>\n\t<meta name=\"twitter:data1\" content=\"1 minute\" \/>\n<script type=\"application\/ld+json\" class=\"yoast-schema-graph\">{\"@context\":\"https:\\\/\\\/schema.org\",\"@graph\":[{\"@type\":\"WebPage\",\"@id\":\"https:\\\/\\\/www.france-media.net\\\/france-edition-multimedia\\\/newsletter\\\/\",\"url\":\"https:\\\/\\\/www.france-media.net\\\/france-edition-multimedia\\\/newsletter\\\/\",\"name\":\"Newsletter - France \u00c9dition Multim\u00e9dia\",\"isPartOf\":{\"@id\":\"https:\\\/\\\/www.france-media.net\\\/france-edition-multimedia\\\/#website\"},\"primaryImageOfPage\":{\"@id\":\"https:\\\/\\\/www.france-media.net\\\/france-edition-multimedia\\\/newsletter\\\/#primaryimage\"},\"image\":{\"@id\":\"https:\\\/\\\/www.france-media.net\\\/france-edition-multimedia\\\/newsletter\\\/#primaryimage\"},\"thumbnailUrl\":\"https:\\\/\\\/www.france-media.net\\\/france-edition-multimedia\\\/wp-content\\\/uploads\\\/2022\\\/12\\\/brett-jordan-LPZy4da9aRo-unsplash-scaled-e1671533634543.jpg\",\"datePublished\":\"2021-09-14T14:02:55+00:00\",\"dateModified\":\"2025-01-31T09:52:21+00:00\",\"description\":\"Nous pouvons mettre \u00e0 disposition gratuitement, apr\u00e8s \u00e9tude, un outil de gestion pour votre newsletter.\",\"breadcrumb\":{\"@id\":\"https:\\\/\\\/www.france-media.net\\\/france-edition-multimedia\\\/newsletter\\\/#breadcrumb\"},\"inLanguage\":\"fr-FR\",\"potentialAction\":[{\"@type\":\"ReadAction\",\"target\":[\"https:\\\/\\\/www.france-media.net\\\/france-edition-multimedia\\\/newsletter\\\/\"]}]},{\"@type\":\"ImageObject\",\"inLanguage\":\"fr-FR\",\"@id\":\"https:\\\/\\\/www.france-media.net\\\/france-edition-multimedia\\\/newsletter\\\/#primaryimage\",\"url\":\"https:\\\/\\\/www.france-media.net\\\/france-edition-multimedia\\\/wp-content\\\/uploads\\\/2022\\\/12\\\/brett-jordan-LPZy4da9aRo-unsplash-scaled-e1671533634543.jpg\",\"contentUrl\":\"https:\\\/\\\/www.france-media.net\\\/france-edition-multimedia\\\/wp-content\\\/uploads\\\/2022\\\/12\\\/brett-jordan-LPZy4da9aRo-unsplash-scaled-e1671533634543.jpg\",\"width\":1900,\"height\":1187},{\"@type\":\"BreadcrumbList\",\"@id\":\"https:\\\/\\\/www.france-media.net\\\/france-edition-multimedia\\\/newsletter\\\/#breadcrumb\",\"itemListElement\":[{\"@type\":\"ListItem\",\"position\":1,\"name\":\"Accueil\",\"item\":\"https:\\\/\\\/www.france-media.net\\\/france-edition-multimedia\\\/\"},{\"@type\":\"ListItem\",\"position\":2,\"name\":\"Newsletter\"}]},{\"@type\":\"WebSite\",\"@id\":\"https:\\\/\\\/www.france-media.net\\\/france-edition-multimedia\\\/#website\",\"url\":\"https:\\\/\\\/www.france-media.net\\\/france-edition-multimedia\\\/\",\"name\":\"France \u00c9dition Multim\u00e9dia\",\"description\":\"France Edition Multim\u00e9dia &amp; Azur Communications\",\"publisher\":{\"@id\":\"https:\\\/\\\/www.france-media.net\\\/france-edition-multimedia\\\/#organization\"},\"potentialAction\":[{\"@type\":\"SearchAction\",\"target\":{\"@type\":\"EntryPoint\",\"urlTemplate\":\"https:\\\/\\\/www.france-media.net\\\/france-edition-multimedia\\\/?s={search_term_string}\"},\"query-input\":{\"@type\":\"PropertyValueSpecification\",\"valueRequired\":true,\"valueName\":\"search_term_string\"}}],\"inLanguage\":\"fr-FR\"},{\"@type\":\"Organization\",\"@id\":\"https:\\\/\\\/www.france-media.net\\\/france-edition-multimedia\\\/#organization\",\"name\":\"France \u00c9dition Multim\u00e9dia\",\"url\":\"https:\\\/\\\/www.france-media.net\\\/france-edition-multimedia\\\/\",\"logo\":{\"@type\":\"ImageObject\",\"inLanguage\":\"fr-FR\",\"@id\":\"https:\\\/\\\/www.france-media.net\\\/france-edition-multimedia\\\/#\\\/schema\\\/logo\\\/image\\\/\",\"url\":\"https:\\\/\\\/www.france-media.net\\\/france-edition-multimedia\\\/wp-content\\\/uploads\\\/2023\\\/09\\\/fem-logo-carre.jpg\",\"contentUrl\":\"https:\\\/\\\/www.france-media.net\\\/france-edition-multimedia\\\/wp-content\\\/uploads\\\/2023\\\/09\\\/fem-logo-carre.jpg\",\"width\":200,\"height\":200,\"caption\":\"France \u00c9dition Multim\u00e9dia\"},\"image\":{\"@id\":\"https:\\\/\\\/www.france-media.net\\\/france-edition-multimedia\\\/#\\\/schema\\\/logo\\\/image\\\/\"},\"sameAs\":[\"https:\\\/\\\/www.facebook.com\\\/francedit.multimedia\",\"https:\\\/\\\/www.linkedin.com\\\/company\\\/france-edition-multimdia\\\/\"]}]}<\/script>\n<!-- \/ Yoast SEO plugin. -->","yoast_head_json":{"title":"Newsletter - France \u00c9dition Multim\u00e9dia","description":"Nous pouvons mettre \u00e0 disposition gratuitement, apr\u00e8s \u00e9tude, un outil de gestion pour votre newsletter.","robots":{"index":"index","follow":"follow","max-snippet":"max-snippet:-1","max-image-preview":"max-image-preview:large","max-video-preview":"max-video-preview:-1"},"canonical":"https:\/\/www.france-media.net\/france-edition-multimedia\/newsletter\/","og_locale":"fr_FR","og_type":"article","og_title":"Newsletter - France \u00c9dition Multim\u00e9dia","og_description":"Nous pouvons mettre \u00e0 disposition gratuitement, apr\u00e8s \u00e9tude, un outil de gestion pour votre newsletter.","og_url":"https:\/\/www.france-media.net\/france-edition-multimedia\/newsletter\/","og_site_name":"France \u00c9dition Multim\u00e9dia","article_publisher":"https:\/\/www.facebook.com\/francedit.multimedia","article_modified_time":"2025-01-31T09:52:21+00:00","og_image":[{"width":1900,"height":1187,"url":"https:\/\/www.france-media.net\/france-edition-multimedia\/wp-content\/uploads\/2022\/12\/brett-jordan-LPZy4da9aRo-unsplash-scaled-e1671533634543.jpg","type":"image\/jpeg"}],"twitter_card":"summary_large_image","twitter_misc":{"Dur\u00e9e de lecture estim\u00e9e":"1 minute"},"schema":{"@context":"https:\/\/schema.org","@graph":[{"@type":"WebPage","@id":"https:\/\/www.france-media.net\/france-edition-multimedia\/newsletter\/","url":"https:\/\/www.france-media.net\/france-edition-multimedia\/newsletter\/","name":"Newsletter - France \u00c9dition Multim\u00e9dia","isPartOf":{"@id":"https:\/\/www.france-media.net\/france-edition-multimedia\/#website"},"primaryImageOfPage":{"@id":"https:\/\/www.france-media.net\/france-edition-multimedia\/newsletter\/#primaryimage"},"image":{"@id":"https:\/\/www.france-media.net\/france-edition-multimedia\/newsletter\/#primaryimage"},"thumbnailUrl":"https:\/\/www.france-media.net\/france-edition-multimedia\/wp-content\/uploads\/2022\/12\/brett-jordan-LPZy4da9aRo-unsplash-scaled-e1671533634543.jpg","datePublished":"2021-09-14T14:02:55+00:00","dateModified":"2025-01-31T09:52:21+00:00","description":"Nous pouvons mettre \u00e0 disposition gratuitement, apr\u00e8s \u00e9tude, un outil de gestion pour votre newsletter.","breadcrumb":{"@id":"https:\/\/www.france-media.net\/france-edition-multimedia\/newsletter\/#breadcrumb"},"inLanguage":"fr-FR","potentialAction":[{"@type":"ReadAction","target":["https:\/\/www.france-media.net\/france-edition-multimedia\/newsletter\/"]}]},{"@type":"ImageObject","inLanguage":"fr-FR","@id":"https:\/\/www.france-media.net\/france-edition-multimedia\/newsletter\/#primaryimage","url":"https:\/\/www.france-media.net\/france-edition-multimedia\/wp-content\/uploads\/2022\/12\/brett-jordan-LPZy4da9aRo-unsplash-scaled-e1671533634543.jpg","contentUrl":"https:\/\/www.france-media.net\/france-edition-multimedia\/wp-content\/uploads\/2022\/12\/brett-jordan-LPZy4da9aRo-unsplash-scaled-e1671533634543.jpg","width":1900,"height":1187},{"@type":"BreadcrumbList","@id":"https:\/\/www.france-media.net\/france-edition-multimedia\/newsletter\/#breadcrumb","itemListElement":[{"@type":"ListItem","position":1,"name":"Accueil","item":"https:\/\/www.france-media.net\/france-edition-multimedia\/"},{"@type":"ListItem","position":2,"name":"Newsletter"}]},{"@type":"WebSite","@id":"https:\/\/www.france-media.net\/france-edition-multimedia\/#website","url":"https:\/\/www.france-media.net\/france-edition-multimedia\/","name":"France \u00c9dition Multim\u00e9dia","description":"France Edition Multim\u00e9dia &amp; Azur Communications","publisher":{"@id":"https:\/\/www.france-media.net\/france-edition-multimedia\/#organization"},"potentialAction":[{"@type":"SearchAction","target":{"@type":"EntryPoint","urlTemplate":"https:\/\/www.france-media.net\/france-edition-multimedia\/?s={search_term_string}"},"query-input":{"@type":"PropertyValueSpecification","valueRequired":true,"valueName":"search_term_string"}}],"inLanguage":"fr-FR"},{"@type":"Organization","@id":"https:\/\/www.france-media.net\/france-edition-multimedia\/#organization","name":"France \u00c9dition Multim\u00e9dia","url":"https:\/\/www.france-media.net\/france-edition-multimedia\/","logo":{"@type":"ImageObject","inLanguage":"fr-FR","@id":"https:\/\/www.france-media.net\/france-edition-multimedia\/#\/schema\/logo\/image\/","url":"https:\/\/www.france-media.net\/france-edition-multimedia\/wp-content\/uploads\/2023\/09\/fem-logo-carre.jpg","contentUrl":"https:\/\/www.france-media.net\/france-edition-multimedia\/wp-content\/uploads\/2023\/09\/fem-logo-carre.jpg","width":200,"height":200,"caption":"France \u00c9dition Multim\u00e9dia"},"image":{"@id":"https:\/\/www.france-media.net\/france-edition-multimedia\/#\/schema\/logo\/image\/"},"sameAs":["https:\/\/www.facebook.com\/francedit.multimedia","https:\/\/www.linkedin.com\/company\/france-edition-multimdia\/"]}]}},"_links":{"self":[{"href":"https:\/\/www.france-media.net\/france-edition-multimedia\/wp-json\/wp\/v2\/pages\/1235","targetHints":{"allow":["GET"]}}],"collection":[{"href":"https:\/\/www.france-media.net\/france-edition-multimedia\/wp-json\/wp\/v2\/pages"}],"about":[{"href":"https:\/\/www.france-media.net\/france-edition-multimedia\/wp-json\/wp\/v2\/types\/page"}],"author":[{"embeddable":true,"href":"https:\/\/www.france-media.net\/france-edition-multimedia\/wp-json\/wp\/v2\/users\/1"}],"replies":[{"embeddable":true,"href":"https:\/\/www.france-media.net\/france-edition-multimedia\/wp-json\/wp\/v2\/comments?post=1235"}],"version-history":[{"count":12,"href":"https:\/\/www.france-media.net\/france-edition-multimedia\/wp-json\/wp\/v2\/pages\/1235\/revisions"}],"predecessor-version":[{"id":5295,"href":"https:\/\/www.france-media.net\/france-edition-multimedia\/wp-json\/wp\/v2\/pages\/1235\/revisions\/5295"}],"wp:featuredmedia":[{"embeddable":true,"href":"https:\/\/www.france-media.net\/france-edition-multimedia\/wp-json\/wp\/v2\/media\/3117"}],"wp:attachment":[{"href":"https:\/\/www.france-media.net\/france-edition-multimedia\/wp-json\/wp\/v2\/media?parent=1235"}],"wp:term":[{"taxonomy":"category","embeddable":true,"href":"https:\/\/www.france-media.net\/france-edition-multimedia\/wp-json\/wp\/v2\/categories?post=1235"},{"taxonomy":"post_tag","embeddable":true,"href":"https:\/\/www.france-media.net\/france-edition-multimedia\/wp-json\/wp\/v2\/tags?post=1235"}],"curies":[{"name":"wp","href":"https:\/\/api.w.org\/{rel}","templated":true}]}}