{"id":203,"date":"2022-12-20T17:28:40","date_gmt":"2022-12-20T16:28:40","guid":{"rendered":"https:\/\/www.france-media.net\/france-edition-2021\/?page_id=203"},"modified":"2025-01-31T10:44:39","modified_gmt":"2025-01-31T09:44:39","slug":"agenda","status":"publish","type":"page","link":"https:\/\/www.france-media.net\/france-edition-multimedia\/agenda\/","title":{"rendered":"Agenda"},"content":{"rendered":"<div data-colibri-id=\"203-c1\" class=\"style-289 style-local-203-c1 position-relative\">\n  <!---->\n  <div data-colibri-component=\"section\" data-colibri-id=\"203-c2\" id=\"about\" class=\"h-section h-section-global-spacing d-flex align-items-lg-center align-items-md-center align-items-center style-1074 style-local-203-c2 position-relative\">\n    <!---->\n    <!---->\n    <div class=\"h-section-grid-container h-section-boxed-container\">\n      <!---->\n      <div data-colibri-id=\"203-c3\" class=\"h-row-container gutters-row-lg-0 gutters-row-md-0 gutters-row-0 gutters-row-v-lg-0 gutters-row-v-md-0 gutters-row-v-0 style-1075 style-local-203-c3 position-relative\">\n        <!---->\n        <div class=\"h-row justify-content-lg-center justify-content-md-center justify-content-center align-items-lg-stretch align-items-md-stretch align-items-stretch gutters-col-lg-0 gutters-col-md-0 gutters-col-0 gutters-col-v-lg-0 gutters-col-v-md-0 gutters-col-v-0\">\n          <!---->\n          <div class=\"h-column h-column-container d-flex h-col-lg-auto h-col-md-auto h-col-auto style-1076-outer style-local-203-c4-outer\">\n            <div data-colibri-id=\"203-c4\" class=\"d-flex h-flex-basis h-column__inner h-px-lg-0 h-px-md-0 h-px-0 v-inner-lg-0 v-inner-md-0 v-inner-0 style-1076 style-local-203-c4 position-relative\">\n              <!---->\n              <!---->\n              <div class=\"w-100 h-y-container h-column__content h-column__v-align flex-basis-100 align-self-lg-start align-self-md-start align-self-start\">\n                <!---->\n                <div data-colibri-id=\"203-c5\" class=\"h-global-transition-all h-heading style-1078 style-local-203-c5 position-relative h-element\">\n                  <!---->\n                  <div class=\"h-heading__outer style-1078 style-local-203-c5\">\n                    <!---->\n                    <!---->\n                    <h2 class=\"\">Agenda&nbsp;<em style=\"font-family: &quot;Playfair Display&quot;;\"><br>personnalis\u00e9<\/em><\/h2>\n                  <\/div>\n                <\/div>\n                <div data-colibri-id=\"203-c6\" class=\"h-text h-text-component style-1179 style-local-203-c6 position-relative h-element\">\n                  <!---->\n                  <!---->\n                  <div class=\"\">\n                    <p>Nous R\u00e9alisONS l\u2019agenda personnalis\u00e9 de votre secteur d\u2019activit\u00e9, dans le format et la p\u00e9riode de votre choix.<\/p>\n                  <\/div>\n                <\/div>\n                <div data-colibri-id=\"203-c7\" class=\"h-text h-text-component style-1079 style-local-203-c7 position-relative h-element\">\n                  <!---->\n                  <!---->\n                  <div class=\"\">\n                    <p>Apr\u00e8s \u00e9tude de faisabilit\u00e9, nous nous engageons sur le financement total ou partiel de vos agendas financ\u00e9s par l\u2019apport de sponsors adapt\u00e9s.<\/p>\n                    <p>La recherche de ces partenaires est effectu\u00e9e aupr\u00e8s des entreprises locales et r\u00e9gionales.\n                      <br>\n                      <br>Nos collaborateurs commerciaux \u00e9voluent dans un respect strict de l\u2019\u00e9thique professionnelle et en toute transparence.<\/p>\n                  <\/div>\n                <\/div>\n                <div data-colibri-id=\"203-c8\" class=\"h-x-container style-1300 style-local-203-c8 position-relative h-element\">\n                  <!---->\n                  <div class=\"h-x-container-inner style-dynamic-203-c8-group style-1300-spacing style-local-203-c8-spacing\"><span class=\"h-button__outer style-1301-outer style-local-203-c9-outer d-inline-flex h-element\"><a h-use-smooth-scroll=\"true\" href=\"https:\/\/www.france-media.net\/france-edition-multimedia\/financement-regie-publicitaire\/\"  data-colibri-id=\"203-c9\" class=\"d-flex w-100 align-items-center h-button justify-content-lg-center justify-content-md-center justify-content-center style-1301 style-local-203-c9 position-relative\"><!----><!----> <span>FINANCEMENT PAR LA PUBLICITE<\/span><\/a>\n                    <\/span>\n                  <\/div>\n                <\/div>\n              <\/div>\n            <\/div>\n          <\/div>\n          <div class=\"h-column h-column-container d-flex h-col-lg-auto h-col-md-auto h-col-auto style-1080-outer style-local-203-c10-outer\">\n            <div data-colibri-id=\"203-c10\" class=\"d-flex h-flex-basis h-column__inner h-px-lg-2 h-px-md-2 h-px-2 v-inner-lg-2 v-inner-md-2 v-inner-2 style-1080 style-local-203-c10 position-relative\">\n              <!---->\n              <!---->\n              <div class=\"w-100 h-y-container h-column__content h-column__v-align flex-basis-100 align-self-lg-start align-self-md-start align-self-start\">\n                <!---->\n                <div data-colibri-id=\"203-c11\" class=\"d-block style-1598 style-local-203-c11 position-relative h-element\">\n                  <!---->\n                  <div class=\"h-image__frame-container-outer\">\n                    <a href=\"https:\/\/www.calameo.com\/read\/0033314054706702494db\" h-use-smooth-scroll=\"true\" class=\"image-link\">\n                      <div class=\"h-image__frame-container\">\n                        <!---->\n                        <!---->\n                        <img fetchpriority=\"high\" decoding=\"async\" width=\"1405\" height=\"1702\" src=\"https:\/\/www.france-media.net\/france-edition-multimedia\/wp-content\/uploads\/2024\/07\/Agenda_des_PO_2024.png\" class=\"wp-image-4926 style-1598-image style-local-203-c11-image\" alt=\"\" srcset=\"https:\/\/www.france-media.net\/france-edition-multimedia\/wp-content\/uploads\/2024\/07\/Agenda_des_PO_2024.png 1405w, https:\/\/www.france-media.net\/france-edition-multimedia\/wp-content\/uploads\/2024\/07\/Agenda_des_PO_2024-248x300.png 248w, https:\/\/www.france-media.net\/france-edition-multimedia\/wp-content\/uploads\/2024\/07\/Agenda_des_PO_2024-845x1024.png 845w, https:\/\/www.france-media.net\/france-edition-multimedia\/wp-content\/uploads\/2024\/07\/Agenda_des_PO_2024-768x930.png 768w, https:\/\/www.france-media.net\/france-edition-multimedia\/wp-content\/uploads\/2024\/07\/Agenda_des_PO_2024-1268x1536.png 1268w\" sizes=\"(max-width: 1405px) 100vw, 1405px\" \/>\n                        <div class=\"h-image__frame h-hide-lg h-hide-md h-hide-sm style-1598-frameImage style-local-203-c11-frameImage\"><\/div>\n                      <\/div>\n                    <\/a>\n                  <\/div>\n                <\/div>\n                <div data-colibri-id=\"203-c12\" class=\"h-x-container style-1591 style-local-203-c12 position-relative h-element\">\n                  <!---->\n                  <div class=\"h-x-container-inner style-dynamic-203-c12-group style-1591-spacing style-local-203-c12-spacing\"><span class=\"h-button__outer style-1592-outer style-local-203-c13-outer d-inline-flex h-element\"><a h-use-smooth-scroll=\"true\" href=\"https:\/\/www.calameo.com\/read\/0033314054706702494db\"  data-colibri-id=\"203-c13\" class=\"d-flex w-100 align-items-center h-button justify-content-lg-center justify-content-md-center justify-content-center style-1592 style-local-203-c13 position-relative\"><!----><!----> <span>Agenda des Vignerons des Pyr\u00e9nn\u00e9es Orientale<\/span><\/a>\n                    <\/span>\n                  <\/div>\n                <\/div>\n                <div data-colibri-id=\"203-c14\" class=\"d-block style-1600 style-local-203-c14 position-relative h-element\">\n                  <!---->\n                  <div class=\"h-image__frame-container-outer\">\n                    <a href=\"https:\/\/www.calameo.com\/read\/0033314054df319048c0e\" h-use-smooth-scroll=\"true\" class=\"image-link\">\n                      <div class=\"h-image__frame-container\">\n                        <!---->\n                        <!---->\n                        <img decoding=\"async\" width=\"617\" height=\"798\" src=\"https:\/\/www.france-media.net\/france-edition-multimedia\/wp-content\/uploads\/2024\/07\/Agenda_CACIC.png\" class=\"wp-image-5005 style-1600-image style-local-203-c14-image\" alt=\"\" srcset=\"https:\/\/www.france-media.net\/france-edition-multimedia\/wp-content\/uploads\/2024\/07\/Agenda_CACIC.png 617w, https:\/\/www.france-media.net\/france-edition-multimedia\/wp-content\/uploads\/2024\/07\/Agenda_CACIC-232x300.png 232w\" sizes=\"(max-width: 617px) 100vw, 617px\" \/>\n                        <div class=\"h-image__frame h-hide-lg h-hide-md h-hide-sm style-1600-frameImage style-local-203-c14-frameImage\"><\/div>\n                      <\/div>\n                    <\/a>\n                  <\/div>\n                <\/div>\n                <div data-colibri-id=\"203-c15\" class=\"h-x-container style-1595 style-local-203-c15 position-relative h-element\">\n                  <!---->\n                  <div class=\"h-x-container-inner style-dynamic-203-c15-group style-1595-spacing style-local-203-c15-spacing\"><span class=\"h-button__outer style-1596-outer style-local-203-c16-outer d-inline-flex h-element\"><a h-use-smooth-scroll=\"true\" href=\"\"  data-colibri-id=\"203-c16\" class=\"d-flex w-100 align-items-center h-button justify-content-lg-center justify-content-md-center justify-content-center style-1596 style-local-203-c16 position-relative\"><!----><!----> <span>Agenda CACIC<\/span><\/a>\n                    <\/span>\n                  <\/div>\n                <\/div>\n              <\/div>\n            <\/div>\n          <\/div>\n        <\/div>\n      <\/div>\n    <\/div>\n  <\/div>\n<\/div>","protected":false},"excerpt":{"rendered":"<p>Agenda&nbsp;personnalis\u00e9 Nous R\u00e9alisONS l\u2019agenda personnalis\u00e9 de votre secteur d\u2019activit\u00e9, dans le format et la p\u00e9riode de votre choix. Apr\u00e8s \u00e9tude de faisabilit\u00e9, nous nous engageons sur le financement total ou partiel de vos agendas financ\u00e9s par l\u2019apport de sponsors adapt\u00e9s. La recherche de ces partenaires est effectu\u00e9e aupr\u00e8s des entreprises locales et r\u00e9gionales. Nos collaborateurs [&hellip;]<\/p>\n","protected":false},"author":1,"featured_media":3071,"parent":0,"menu_order":0,"comment_status":"closed","ping_status":"closed","template":"page-templates\/full-width-page.php","meta":{"footnotes":""},"categories":[14],"tags":[],"class_list":["post-203","page","type-page","status-publish","has-post-thumbnail","hentry","category-offres"],"yoast_head":"<!-- This site is optimized with the Yoast SEO plugin v27.5 - https:\/\/yoast.com\/product\/yoast-seo-wordpress\/ -->\n<title>Agenda - France \u00c9dition Multim\u00e9dia<\/title>\n<meta name=\"description\" content=\"Nous r\u00e9alisons l&#039;agenda personnalis\u00e9 de votre secteur d&#039;activit\u00e9, dans le format et la p\u00e9riode de votre choix.\" \/>\n<meta name=\"robots\" content=\"index, follow, max-snippet:-1, max-image-preview:large, max-video-preview:-1\" \/>\n<link rel=\"canonical\" href=\"https:\/\/www.france-media.net\/france-edition-multimedia\/agenda\/\" \/>\n<meta property=\"og:locale\" content=\"fr_FR\" \/>\n<meta property=\"og:type\" content=\"article\" \/>\n<meta property=\"og:title\" content=\"Agenda - France \u00c9dition Multim\u00e9dia\" \/>\n<meta property=\"og:description\" content=\"Nous r\u00e9alisons l&#039;agenda personnalis\u00e9 de votre secteur d&#039;activit\u00e9, dans le format et la p\u00e9riode de votre choix.\" \/>\n<meta property=\"og:url\" content=\"https:\/\/www.france-media.net\/france-edition-multimedia\/agenda\/\" \/>\n<meta property=\"og:site_name\" content=\"France \u00c9dition Multim\u00e9dia\" \/>\n<meta property=\"article:publisher\" content=\"https:\/\/www.facebook.com\/francedit.multimedia\" \/>\n<meta property=\"article:modified_time\" content=\"2025-01-31T09:44:39+00:00\" \/>\n<meta property=\"og:image\" content=\"https:\/\/www.france-media.net\/france-edition-multimedia\/wp-content\/uploads\/2022\/12\/marissa-grootes-flRm0z3MEoA-unsplash-scaled-e1671466986486.jpg\" \/>\n\t<meta property=\"og:image:width\" content=\"1920\" \/>\n\t<meta property=\"og:image:height\" content=\"1497\" \/>\n\t<meta property=\"og:image:type\" content=\"image\/jpeg\" \/>\n<meta name=\"twitter:card\" content=\"summary_large_image\" \/>\n<meta name=\"twitter:label1\" content=\"Dur\u00e9e de lecture estim\u00e9e\" \/>\n\t<meta name=\"twitter:data1\" content=\"1 minute\" \/>\n<script type=\"application\/ld+json\" class=\"yoast-schema-graph\">{\"@context\":\"https:\\\/\\\/schema.org\",\"@graph\":[{\"@type\":\"WebPage\",\"@id\":\"https:\\\/\\\/www.france-media.net\\\/france-edition-multimedia\\\/agenda\\\/\",\"url\":\"https:\\\/\\\/www.france-media.net\\\/france-edition-multimedia\\\/agenda\\\/\",\"name\":\"Agenda - France \u00c9dition Multim\u00e9dia\",\"isPartOf\":{\"@id\":\"https:\\\/\\\/www.france-media.net\\\/france-edition-multimedia\\\/#website\"},\"primaryImageOfPage\":{\"@id\":\"https:\\\/\\\/www.france-media.net\\\/france-edition-multimedia\\\/agenda\\\/#primaryimage\"},\"image\":{\"@id\":\"https:\\\/\\\/www.france-media.net\\\/france-edition-multimedia\\\/agenda\\\/#primaryimage\"},\"thumbnailUrl\":\"https:\\\/\\\/www.france-media.net\\\/france-edition-multimedia\\\/wp-content\\\/uploads\\\/2022\\\/12\\\/marissa-grootes-flRm0z3MEoA-unsplash-scaled-e1671466986486.jpg\",\"datePublished\":\"2022-12-20T16:28:40+00:00\",\"dateModified\":\"2025-01-31T09:44:39+00:00\",\"description\":\"Nous r\u00e9alisons l'agenda personnalis\u00e9 de votre secteur d'activit\u00e9, dans le format et la p\u00e9riode de votre choix.\",\"breadcrumb\":{\"@id\":\"https:\\\/\\\/www.france-media.net\\\/france-edition-multimedia\\\/agenda\\\/#breadcrumb\"},\"inLanguage\":\"fr-FR\",\"potentialAction\":[{\"@type\":\"ReadAction\",\"target\":[\"https:\\\/\\\/www.france-media.net\\\/france-edition-multimedia\\\/agenda\\\/\"]}]},{\"@type\":\"ImageObject\",\"inLanguage\":\"fr-FR\",\"@id\":\"https:\\\/\\\/www.france-media.net\\\/france-edition-multimedia\\\/agenda\\\/#primaryimage\",\"url\":\"https:\\\/\\\/www.france-media.net\\\/france-edition-multimedia\\\/wp-content\\\/uploads\\\/2022\\\/12\\\/marissa-grootes-flRm0z3MEoA-unsplash-scaled-e1671466986486.jpg\",\"contentUrl\":\"https:\\\/\\\/www.france-media.net\\\/france-edition-multimedia\\\/wp-content\\\/uploads\\\/2022\\\/12\\\/marissa-grootes-flRm0z3MEoA-unsplash-scaled-e1671466986486.jpg\",\"width\":1920,\"height\":1497},{\"@type\":\"BreadcrumbList\",\"@id\":\"https:\\\/\\\/www.france-media.net\\\/france-edition-multimedia\\\/agenda\\\/#breadcrumb\",\"itemListElement\":[{\"@type\":\"ListItem\",\"position\":1,\"name\":\"Accueil\",\"item\":\"https:\\\/\\\/www.france-media.net\\\/france-edition-multimedia\\\/\"},{\"@type\":\"ListItem\",\"position\":2,\"name\":\"Agenda\"}]},{\"@type\":\"WebSite\",\"@id\":\"https:\\\/\\\/www.france-media.net\\\/france-edition-multimedia\\\/#website\",\"url\":\"https:\\\/\\\/www.france-media.net\\\/france-edition-multimedia\\\/\",\"name\":\"France \u00c9dition Multim\u00e9dia\",\"description\":\"France Edition Multim\u00e9dia &amp; Azur Communications\",\"publisher\":{\"@id\":\"https:\\\/\\\/www.france-media.net\\\/france-edition-multimedia\\\/#organization\"},\"potentialAction\":[{\"@type\":\"SearchAction\",\"target\":{\"@type\":\"EntryPoint\",\"urlTemplate\":\"https:\\\/\\\/www.france-media.net\\\/france-edition-multimedia\\\/?s={search_term_string}\"},\"query-input\":{\"@type\":\"PropertyValueSpecification\",\"valueRequired\":true,\"valueName\":\"search_term_string\"}}],\"inLanguage\":\"fr-FR\"},{\"@type\":\"Organization\",\"@id\":\"https:\\\/\\\/www.france-media.net\\\/france-edition-multimedia\\\/#organization\",\"name\":\"France \u00c9dition Multim\u00e9dia\",\"url\":\"https:\\\/\\\/www.france-media.net\\\/france-edition-multimedia\\\/\",\"logo\":{\"@type\":\"ImageObject\",\"inLanguage\":\"fr-FR\",\"@id\":\"https:\\\/\\\/www.france-media.net\\\/france-edition-multimedia\\\/#\\\/schema\\\/logo\\\/image\\\/\",\"url\":\"https:\\\/\\\/www.france-media.net\\\/france-edition-multimedia\\\/wp-content\\\/uploads\\\/2023\\\/09\\\/fem-logo-carre.jpg\",\"contentUrl\":\"https:\\\/\\\/www.france-media.net\\\/france-edition-multimedia\\\/wp-content\\\/uploads\\\/2023\\\/09\\\/fem-logo-carre.jpg\",\"width\":200,\"height\":200,\"caption\":\"France \u00c9dition Multim\u00e9dia\"},\"image\":{\"@id\":\"https:\\\/\\\/www.france-media.net\\\/france-edition-multimedia\\\/#\\\/schema\\\/logo\\\/image\\\/\"},\"sameAs\":[\"https:\\\/\\\/www.facebook.com\\\/francedit.multimedia\",\"https:\\\/\\\/www.linkedin.com\\\/company\\\/france-edition-multimdia\\\/\"]}]}<\/script>\n<!-- \/ Yoast SEO plugin. -->","yoast_head_json":{"title":"Agenda - France \u00c9dition Multim\u00e9dia","description":"Nous r\u00e9alisons l'agenda personnalis\u00e9 de votre secteur d'activit\u00e9, dans le format et la p\u00e9riode de votre choix.","robots":{"index":"index","follow":"follow","max-snippet":"max-snippet:-1","max-image-preview":"max-image-preview:large","max-video-preview":"max-video-preview:-1"},"canonical":"https:\/\/www.france-media.net\/france-edition-multimedia\/agenda\/","og_locale":"fr_FR","og_type":"article","og_title":"Agenda - France \u00c9dition Multim\u00e9dia","og_description":"Nous r\u00e9alisons l'agenda personnalis\u00e9 de votre secteur d'activit\u00e9, dans le format et la p\u00e9riode de votre choix.","og_url":"https:\/\/www.france-media.net\/france-edition-multimedia\/agenda\/","og_site_name":"France \u00c9dition Multim\u00e9dia","article_publisher":"https:\/\/www.facebook.com\/francedit.multimedia","article_modified_time":"2025-01-31T09:44:39+00:00","og_image":[{"width":1920,"height":1497,"url":"https:\/\/www.france-media.net\/france-edition-multimedia\/wp-content\/uploads\/2022\/12\/marissa-grootes-flRm0z3MEoA-unsplash-scaled-e1671466986486.jpg","type":"image\/jpeg"}],"twitter_card":"summary_large_image","twitter_misc":{"Dur\u00e9e de lecture estim\u00e9e":"1 minute"},"schema":{"@context":"https:\/\/schema.org","@graph":[{"@type":"WebPage","@id":"https:\/\/www.france-media.net\/france-edition-multimedia\/agenda\/","url":"https:\/\/www.france-media.net\/france-edition-multimedia\/agenda\/","name":"Agenda - France \u00c9dition Multim\u00e9dia","isPartOf":{"@id":"https:\/\/www.france-media.net\/france-edition-multimedia\/#website"},"primaryImageOfPage":{"@id":"https:\/\/www.france-media.net\/france-edition-multimedia\/agenda\/#primaryimage"},"image":{"@id":"https:\/\/www.france-media.net\/france-edition-multimedia\/agenda\/#primaryimage"},"thumbnailUrl":"https:\/\/www.france-media.net\/france-edition-multimedia\/wp-content\/uploads\/2022\/12\/marissa-grootes-flRm0z3MEoA-unsplash-scaled-e1671466986486.jpg","datePublished":"2022-12-20T16:28:40+00:00","dateModified":"2025-01-31T09:44:39+00:00","description":"Nous r\u00e9alisons l'agenda personnalis\u00e9 de votre secteur d'activit\u00e9, dans le format et la p\u00e9riode de votre choix.","breadcrumb":{"@id":"https:\/\/www.france-media.net\/france-edition-multimedia\/agenda\/#breadcrumb"},"inLanguage":"fr-FR","potentialAction":[{"@type":"ReadAction","target":["https:\/\/www.france-media.net\/france-edition-multimedia\/agenda\/"]}]},{"@type":"ImageObject","inLanguage":"fr-FR","@id":"https:\/\/www.france-media.net\/france-edition-multimedia\/agenda\/#primaryimage","url":"https:\/\/www.france-media.net\/france-edition-multimedia\/wp-content\/uploads\/2022\/12\/marissa-grootes-flRm0z3MEoA-unsplash-scaled-e1671466986486.jpg","contentUrl":"https:\/\/www.france-media.net\/france-edition-multimedia\/wp-content\/uploads\/2022\/12\/marissa-grootes-flRm0z3MEoA-unsplash-scaled-e1671466986486.jpg","width":1920,"height":1497},{"@type":"BreadcrumbList","@id":"https:\/\/www.france-media.net\/france-edition-multimedia\/agenda\/#breadcrumb","itemListElement":[{"@type":"ListItem","position":1,"name":"Accueil","item":"https:\/\/www.france-media.net\/france-edition-multimedia\/"},{"@type":"ListItem","position":2,"name":"Agenda"}]},{"@type":"WebSite","@id":"https:\/\/www.france-media.net\/france-edition-multimedia\/#website","url":"https:\/\/www.france-media.net\/france-edition-multimedia\/","name":"France \u00c9dition Multim\u00e9dia","description":"France Edition Multim\u00e9dia &amp; Azur Communications","publisher":{"@id":"https:\/\/www.france-media.net\/france-edition-multimedia\/#organization"},"potentialAction":[{"@type":"SearchAction","target":{"@type":"EntryPoint","urlTemplate":"https:\/\/www.france-media.net\/france-edition-multimedia\/?s={search_term_string}"},"query-input":{"@type":"PropertyValueSpecification","valueRequired":true,"valueName":"search_term_string"}}],"inLanguage":"fr-FR"},{"@type":"Organization","@id":"https:\/\/www.france-media.net\/france-edition-multimedia\/#organization","name":"France \u00c9dition Multim\u00e9dia","url":"https:\/\/www.france-media.net\/france-edition-multimedia\/","logo":{"@type":"ImageObject","inLanguage":"fr-FR","@id":"https:\/\/www.france-media.net\/france-edition-multimedia\/#\/schema\/logo\/image\/","url":"https:\/\/www.france-media.net\/france-edition-multimedia\/wp-content\/uploads\/2023\/09\/fem-logo-carre.jpg","contentUrl":"https:\/\/www.france-media.net\/france-edition-multimedia\/wp-content\/uploads\/2023\/09\/fem-logo-carre.jpg","width":200,"height":200,"caption":"France \u00c9dition Multim\u00e9dia"},"image":{"@id":"https:\/\/www.france-media.net\/france-edition-multimedia\/#\/schema\/logo\/image\/"},"sameAs":["https:\/\/www.facebook.com\/francedit.multimedia","https:\/\/www.linkedin.com\/company\/france-edition-multimdia\/"]}]}},"_links":{"self":[{"href":"https:\/\/www.france-media.net\/france-edition-multimedia\/wp-json\/wp\/v2\/pages\/203","targetHints":{"allow":["GET"]}}],"collection":[{"href":"https:\/\/www.france-media.net\/france-edition-multimedia\/wp-json\/wp\/v2\/pages"}],"about":[{"href":"https:\/\/www.france-media.net\/france-edition-multimedia\/wp-json\/wp\/v2\/types\/page"}],"author":[{"embeddable":true,"href":"https:\/\/www.france-media.net\/france-edition-multimedia\/wp-json\/wp\/v2\/users\/1"}],"replies":[{"embeddable":true,"href":"https:\/\/www.france-media.net\/france-edition-multimedia\/wp-json\/wp\/v2\/comments?post=203"}],"version-history":[{"count":20,"href":"https:\/\/www.france-media.net\/france-edition-multimedia\/wp-json\/wp\/v2\/pages\/203\/revisions"}],"predecessor-version":[{"id":5274,"href":"https:\/\/www.france-media.net\/france-edition-multimedia\/wp-json\/wp\/v2\/pages\/203\/revisions\/5274"}],"wp:featuredmedia":[{"embeddable":true,"href":"https:\/\/www.france-media.net\/france-edition-multimedia\/wp-json\/wp\/v2\/media\/3071"}],"wp:attachment":[{"href":"https:\/\/www.france-media.net\/france-edition-multimedia\/wp-json\/wp\/v2\/media?parent=203"}],"wp:term":[{"taxonomy":"category","embeddable":true,"href":"https:\/\/www.france-media.net\/france-edition-multimedia\/wp-json\/wp\/v2\/categories?post=203"},{"taxonomy":"post_tag","embeddable":true,"href":"https:\/\/www.france-media.net\/france-edition-multimedia\/wp-json\/wp\/v2\/tags?post=203"}],"curies":[{"name":"wp","href":"https:\/\/api.w.org\/{rel}","templated":true}]}}