{"id":96,"date":"2013-04-18T08:39:24","date_gmt":"2013-04-18T07:39:24","guid":{"rendered":"http:\/\/www.france-media.net\/france-edition\/?page_id=96"},"modified":"2020-10-01T10:57:36","modified_gmt":"2020-10-01T09:57:36","slug":"mentions-legales","status":"publish","type":"page","link":"https:\/\/www.france-media.net\/france-edition\/mentions-legales\/","title":{"rendered":"Mentions l\u00e9gales"},"content":{"rendered":"<p>Ce site est \u00e9dit\u00e9 par\u00a0<strong>France Edition Multim\u00e9dia<\/strong><br \/>\nSARL au capital social de 8.000,00 EURO<br \/>\nSiege social \u00e9tablie au\u00a070 avenue Alfred Kastler CS 90014 66028 PERPIGNAN CEDEX<br \/>\nT\u00e9l : 04 68 66 94 75 &#8211; Fax : 04 68 66 93 33 Email :\u00a0<a href=\"mailto:francedit@francedit.com\">francedit@francedit.com<\/a><br \/>\nSIRET : 399 003 169 00030<br \/>\nDirecteur de la publication : St\u00e9phane DACHEZ<br \/>\nL\u2019h\u00e9bergeur du site est la Soci\u00e9t\u00e9 OVH, dont le si\u00e8ge social est situ\u00e9 au 2 rue Kellermann \u2013 59100 Roubaix. T\u00e9l\u00e9phone : 09 72 10 10 07<\/p>\n<p>Conform\u00e9ment aux articles 39 et suivants de la loi n\u00b0 78-17 du 6 janvier 1978 modifi\u00e9e en 2004 relatives \u00e0 l\u2019informatique, aux fichiers et aux libert\u00e9s, toute personne peut obtenir communication et, le cas \u00e9ch\u00e9ant, rectification ou suppression des informations la concernant, en s\u2019adressant \u00e0\u00a0<a href=\"mailto:francedit@francedit.com\">francedit@francedit.com<\/a><\/p>\n","protected":false},"excerpt":{"rendered":"<p>Ce site est \u00e9dit\u00e9 par\u00a0France Edition Multim\u00e9dia SARL au capital social de 8.000,00 EURO Siege social \u00e9tablie au\u00a070 avenue Alfred Kastler CS 90014 66028 PERPIGNAN CEDEX T\u00e9l : 04 68 66 94 75 &#8211; Fax : 04 68 66 93 33 Email :\u00a0francedit@francedit.com SIRET : 399 003 169 00030 Directeur &#8230;<\/p>\n","protected":false},"author":1,"featured_media":0,"parent":0,"menu_order":0,"comment_status":"closed","ping_status":"closed","template":"","meta":{"om_disable_all_campaigns":false,"_monsterinsights_skip_tracking":false,"_monsterinsights_sitenote_active":false,"_monsterinsights_sitenote_note":"","_monsterinsights_sitenote_category":0,"footnotes":""},"class_list":["post-96","page","type-page","status-publish","hentry"],"yoast_head":"<!-- This site is optimized with the Yoast SEO plugin v21.2 - https:\/\/yoast.com\/wordpress\/plugins\/seo\/ -->\n<title>Mentions l\u00e9gales - France Edition Multimedia<\/title>\n<meta name=\"robots\" content=\"index, follow, max-snippet:-1, max-image-preview:large, max-video-preview:-1\" \/>\n<link rel=\"canonical\" href=\"https:\/\/www.france-media.net\/france-edition\/mentions-legales\/\" \/>\n<meta property=\"og:locale\" content=\"fr_FR\" \/>\n<meta property=\"og:type\" content=\"article\" \/>\n<meta property=\"og:title\" content=\"Mentions l\u00e9gales - France Edition Multimedia\" \/>\n<meta property=\"og:description\" content=\"Ce site est \u00e9dit\u00e9 par\u00a0France Edition Multim\u00e9dia SARL au capital social de 8.000,00 EURO Siege social \u00e9tablie au\u00a070 avenue Alfred Kastler CS 90014 66028 PERPIGNAN CEDEX T\u00e9l : 04 68 66 94 75 &#8211; Fax : 04 68 66 93 33 Email :\u00a0francedit@francedit.com SIRET : 399 003 169 00030 Directeur &#8230;\" \/>\n<meta property=\"og:url\" content=\"https:\/\/www.france-media.net\/france-edition\/mentions-legales\/\" \/>\n<meta property=\"og:site_name\" content=\"France Edition Multimedia\" \/>\n<meta property=\"article:publisher\" content=\"https:\/\/www.facebook.com\/francedit.multimedia\" \/>\n<meta property=\"article:modified_time\" content=\"2020-10-01T09:57:36+00:00\" \/>\n<meta name=\"twitter:card\" content=\"summary_large_image\" \/>\n<meta name=\"twitter:label1\" content=\"Dur\u00e9e de lecture estim\u00e9e\" \/>\n\t<meta name=\"twitter:data1\" content=\"1 minute\" \/>\n<script type=\"application\/ld+json\" class=\"yoast-schema-graph\">{\"@context\":\"https:\/\/schema.org\",\"@graph\":[{\"@type\":\"WebPage\",\"@id\":\"https:\/\/www.france-media.net\/france-edition\/mentions-legales\/\",\"url\":\"https:\/\/www.france-media.net\/france-edition\/mentions-legales\/\",\"name\":\"Mentions l\u00e9gales - France Edition Multimedia\",\"isPartOf\":{\"@id\":\"https:\/\/www.france-media.net\/france-edition\/#website\"},\"datePublished\":\"2013-04-18T07:39:24+00:00\",\"dateModified\":\"2020-10-01T09:57:36+00:00\",\"breadcrumb\":{\"@id\":\"https:\/\/www.france-media.net\/france-edition\/mentions-legales\/#breadcrumb\"},\"inLanguage\":\"fr-FR\",\"potentialAction\":[{\"@type\":\"ReadAction\",\"target\":[\"https:\/\/www.france-media.net\/france-edition\/mentions-legales\/\"]}]},{\"@type\":\"BreadcrumbList\",\"@id\":\"https:\/\/www.france-media.net\/france-edition\/mentions-legales\/#breadcrumb\",\"itemListElement\":[{\"@type\":\"ListItem\",\"position\":1,\"name\":\"Accueil\",\"item\":\"https:\/\/www.france-media.net\/france-edition\/\"},{\"@type\":\"ListItem\",\"position\":2,\"name\":\"Mentions l\u00e9gales\"}]},{\"@type\":\"WebSite\",\"@id\":\"https:\/\/www.france-media.net\/france-edition\/#website\",\"url\":\"https:\/\/www.france-media.net\/france-edition\/\",\"name\":\"France Edition Multimedia\",\"description\":\"Soci\u00e9t\u00e9 d&#039;\u00e9dition et de r\u00e9gie publicitaire\",\"publisher\":{\"@id\":\"https:\/\/www.france-media.net\/france-edition\/#organization\"},\"potentialAction\":[{\"@type\":\"SearchAction\",\"target\":{\"@type\":\"EntryPoint\",\"urlTemplate\":\"https:\/\/www.france-media.net\/france-edition\/?s={search_term_string}\"},\"query-input\":\"required name=search_term_string\"}],\"inLanguage\":\"fr-FR\"},{\"@type\":\"Organization\",\"@id\":\"https:\/\/www.france-media.net\/france-edition\/#organization\",\"name\":\"France Edition Multimedia\",\"url\":\"https:\/\/www.france-media.net\/france-edition\/\",\"logo\":{\"@type\":\"ImageObject\",\"inLanguage\":\"fr-FR\",\"@id\":\"https:\/\/www.france-media.net\/france-edition\/#\/schema\/logo\/image\/\",\"url\":\"https:\/\/www.france-media.net\/france-edition\/wp-content\/uploads\/2014\/01\/cropped-entete-site-web2-1.jpg\",\"contentUrl\":\"https:\/\/www.france-media.net\/france-edition\/wp-content\/uploads\/2014\/01\/cropped-entete-site-web2-1.jpg\",\"width\":680,\"height\":150,\"caption\":\"France Edition Multimedia\"},\"image\":{\"@id\":\"https:\/\/www.france-media.net\/france-edition\/#\/schema\/logo\/image\/\"},\"sameAs\":[\"https:\/\/www.facebook.com\/francedit.multimedia\"]}]}<\/script>\n<!-- \/ Yoast SEO plugin. -->","yoast_head_json":{"title":"Mentions l\u00e9gales - France Edition Multimedia","robots":{"index":"index","follow":"follow","max-snippet":"max-snippet:-1","max-image-preview":"max-image-preview:large","max-video-preview":"max-video-preview:-1"},"canonical":"https:\/\/www.france-media.net\/france-edition\/mentions-legales\/","og_locale":"fr_FR","og_type":"article","og_title":"Mentions l\u00e9gales - France Edition Multimedia","og_description":"Ce site est \u00e9dit\u00e9 par\u00a0France Edition Multim\u00e9dia SARL au capital social de 8.000,00 EURO Siege social \u00e9tablie au\u00a070 avenue Alfred Kastler CS 90014 66028 PERPIGNAN CEDEX T\u00e9l : 04 68 66 94 75 &#8211; Fax : 04 68 66 93 33 Email :\u00a0francedit@francedit.com SIRET : 399 003 169 00030 Directeur &#8230;","og_url":"https:\/\/www.france-media.net\/france-edition\/mentions-legales\/","og_site_name":"France Edition Multimedia","article_publisher":"https:\/\/www.facebook.com\/francedit.multimedia","article_modified_time":"2020-10-01T09:57:36+00:00","twitter_card":"summary_large_image","twitter_misc":{"Dur\u00e9e de lecture estim\u00e9e":"1 minute"},"schema":{"@context":"https:\/\/schema.org","@graph":[{"@type":"WebPage","@id":"https:\/\/www.france-media.net\/france-edition\/mentions-legales\/","url":"https:\/\/www.france-media.net\/france-edition\/mentions-legales\/","name":"Mentions l\u00e9gales - France Edition Multimedia","isPartOf":{"@id":"https:\/\/www.france-media.net\/france-edition\/#website"},"datePublished":"2013-04-18T07:39:24+00:00","dateModified":"2020-10-01T09:57:36+00:00","breadcrumb":{"@id":"https:\/\/www.france-media.net\/france-edition\/mentions-legales\/#breadcrumb"},"inLanguage":"fr-FR","potentialAction":[{"@type":"ReadAction","target":["https:\/\/www.france-media.net\/france-edition\/mentions-legales\/"]}]},{"@type":"BreadcrumbList","@id":"https:\/\/www.france-media.net\/france-edition\/mentions-legales\/#breadcrumb","itemListElement":[{"@type":"ListItem","position":1,"name":"Accueil","item":"https:\/\/www.france-media.net\/france-edition\/"},{"@type":"ListItem","position":2,"name":"Mentions l\u00e9gales"}]},{"@type":"WebSite","@id":"https:\/\/www.france-media.net\/france-edition\/#website","url":"https:\/\/www.france-media.net\/france-edition\/","name":"France Edition Multimedia","description":"Soci\u00e9t\u00e9 d&#039;\u00e9dition et de r\u00e9gie publicitaire","publisher":{"@id":"https:\/\/www.france-media.net\/france-edition\/#organization"},"potentialAction":[{"@type":"SearchAction","target":{"@type":"EntryPoint","urlTemplate":"https:\/\/www.france-media.net\/france-edition\/?s={search_term_string}"},"query-input":"required name=search_term_string"}],"inLanguage":"fr-FR"},{"@type":"Organization","@id":"https:\/\/www.france-media.net\/france-edition\/#organization","name":"France Edition Multimedia","url":"https:\/\/www.france-media.net\/france-edition\/","logo":{"@type":"ImageObject","inLanguage":"fr-FR","@id":"https:\/\/www.france-media.net\/france-edition\/#\/schema\/logo\/image\/","url":"https:\/\/www.france-media.net\/france-edition\/wp-content\/uploads\/2014\/01\/cropped-entete-site-web2-1.jpg","contentUrl":"https:\/\/www.france-media.net\/france-edition\/wp-content\/uploads\/2014\/01\/cropped-entete-site-web2-1.jpg","width":680,"height":150,"caption":"France Edition Multimedia"},"image":{"@id":"https:\/\/www.france-media.net\/france-edition\/#\/schema\/logo\/image\/"},"sameAs":["https:\/\/www.facebook.com\/francedit.multimedia"]}]}},"_links":{"self":[{"href":"https:\/\/www.france-media.net\/france-edition\/wp-json\/wp\/v2\/pages\/96","targetHints":{"allow":["GET"]}}],"collection":[{"href":"https:\/\/www.france-media.net\/france-edition\/wp-json\/wp\/v2\/pages"}],"about":[{"href":"https:\/\/www.france-media.net\/france-edition\/wp-json\/wp\/v2\/types\/page"}],"author":[{"embeddable":true,"href":"https:\/\/www.france-media.net\/france-edition\/wp-json\/wp\/v2\/users\/1"}],"replies":[{"embeddable":true,"href":"https:\/\/www.france-media.net\/france-edition\/wp-json\/wp\/v2\/comments?post=96"}],"version-history":[{"count":9,"href":"https:\/\/www.france-media.net\/france-edition\/wp-json\/wp\/v2\/pages\/96\/revisions"}],"predecessor-version":[{"id":1120,"href":"https:\/\/www.france-media.net\/france-edition\/wp-json\/wp\/v2\/pages\/96\/revisions\/1120"}],"wp:attachment":[{"href":"https:\/\/www.france-media.net\/france-edition\/wp-json\/wp\/v2\/media?parent=96"}],"curies":[{"name":"wp","href":"https:\/\/api.w.org\/{rel}","templated":true}]}}